{"id":25,"date":"2025-02-10T10:58:23","date_gmt":"2025-02-10T09:58:23","guid":{"rendered":"http:\/\/wineconnection.es\/?page_id=25"},"modified":"2025-02-22T19:44:10","modified_gmt":"2025-02-22T18:44:10","slug":"quienes-somos","status":"publish","type":"page","link":"https:\/\/wineconnection.es\/en\/quienes-somos\/","title":{"rendered":"Quienes Somos"},"content":{"rendered":"<p>[et_pb_section fb_built=&#8221;1&#8243; fullwidth=&#8221;on&#8221; _builder_version=&#8221;4.27.4&#8243; _module_preset=&#8221;default&#8221; box_shadow_style=&#8221;preset1&#8243; global_colors_info=&#8221;{}&#8221;][et_pb_fullwidth_post_title meta=&#8221;off&#8221; featured_image=&#8221;off&#8221; text_color=&#8221;light&#8221; _builder_version=&#8221;4.27.4&#8243; _module_preset=&#8221;default&#8221; title_text_align=&#8221;center&#8221; title_font_size=&#8221;34px&#8221; background_color=&#8221;#B4BF35&#8243; custom_padding=&#8221;65px||60px||false|false&#8221; title_text_shadow_style=&#8221;preset3&#8243; box_shadow_style=&#8221;preset1&#8243; global_colors_info=&#8221;{}&#8221;][\/et_pb_fullwidth_post_title][\/et_pb_section][et_pb_section fb_built=&#8221;1&#8243; _builder_version=&#8221;4.27.4&#8243; _module_preset=&#8221;default&#8221; custom_padding=&#8221;24px||35px|||&#8221; global_colors_info=&#8221;{}&#8221;][et_pb_row _builder_version=&#8221;4.27.4&#8243; _module_preset=&#8221;default&#8221; global_colors_info=&#8221;{}&#8221;][et_pb_column type=&#8221;4_4&#8243; _builder_version=&#8221;4.27.4&#8243; _module_preset=&#8221;default&#8221; global_colors_info=&#8221;{}&#8221;][et_pb_text _builder_version=&#8221;4.27.4&#8243; _module_preset=&#8221;default&#8221; global_colors_info=&#8221;{}&#8221;]<\/p>\n<p><span>Events Connection es una compa\u00f1\u00eda dedicada a la organizaci\u00f3n y gesti\u00f3n de eventos de car\u00e1cter empresarial, cultural y social, especializados en el \u00e1mbito del sector vitivin\u00edcola. Somos una empresa muy vers\u00e1til, capaz de realizar pr\u00e1cticamente cualquier actividad relacionada con la organizaci\u00f3n de eventos. Con varios a\u00f1os de actividad en el sector estrat\u00e9gico de la regi\u00f3n, una amplia experiencia que nos avala y cuyo mayor activo es nuestra extensa red de contactos y nutrida cartera de clientes, tanto a nivel nacional como internacional, hace que garanticemos un servicio profesional y personalizado de la m\u00e1s alta calidad.<\/span><\/p>\n<p><span>Events Connections brinda un servicio integral, \u00e9tico, transparente y responsable, gestionado por un grupo de profesionales altamente cualificados y preparados para cada una de las etapas de nuestro evento. Con s\u00f3lida experiencia y presencia comprometida en cada proyecto nos aseguramos de que entendemos los objetivos de nuestros clientes y les proporcionamos las soluciones que les ayudan a aumentar su ventaja competitiva.<\/span><\/p>\n<p>[\/et_pb_text][\/et_pb_column][\/et_pb_row][et_pb_row column_structure=&#8221;1_2,1_2&#8243; use_custom_gutter=&#8221;on&#8221; gutter_width=&#8221;1&#8243; make_equal=&#8221;on&#8221; _builder_version=&#8221;4.27.4&#8243; _module_preset=&#8221;default&#8221; module_alignment=&#8221;center&#8221; global_colors_info=&#8221;{}&#8221;][et_pb_column type=&#8221;1_2&#8243; _builder_version=&#8221;4.27.4&#8243; _module_preset=&#8221;default&#8221; global_colors_info=&#8221;{}&#8221;][et_pb_image src=&#8221;https:\/\/wineconnection.es\/wp-content\/uploads\/2025\/02\/IMG_2965.jpg&#8221; title_text=&#8221;IMG_2965&#8243; force_fullwidth=&#8221;on&#8221; _builder_version=&#8221;4.27.4&#8243; _module_preset=&#8221;default&#8221; box_shadow_style=&#8221;preset1&#8243; global_colors_info=&#8221;{}&#8221;][\/et_pb_image][\/et_pb_column][et_pb_column type=&#8221;1_2&#8243; _builder_version=&#8221;4.27.4&#8243; _module_preset=&#8221;default&#8221; global_colors_info=&#8221;{}&#8221;][et_pb_image src=&#8221;https:\/\/wineconnection.es\/wp-content\/uploads\/2025\/02\/aje-2013-premios-airen094.jpg&#8221; title_text=&#8221;aje 2013 premios airen094&#8243; force_fullwidth=&#8221;on&#8221; _builder_version=&#8221;4.27.4&#8243; _module_preset=&#8221;default&#8221; box_shadow_style=&#8221;preset1&#8243; global_colors_info=&#8221;{}&#8221;][\/et_pb_image][\/et_pb_column][\/et_pb_row][et_pb_row _builder_version=&#8221;4.27.4&#8243; _module_preset=&#8221;default&#8221; global_colors_info=&#8221;{}&#8221;][et_pb_column type=&#8221;4_4&#8243; _builder_version=&#8221;4.27.4&#8243; _module_preset=&#8221;default&#8221; global_colors_info=&#8221;{}&#8221;][et_pb_text _builder_version=&#8221;4.27.4&#8243; _module_preset=&#8221;default&#8221; header_2_text_color=&#8221;#BB328A&#8221; global_colors_info=&#8221;{}&#8221;]<\/p>\n<h2>Objetivos<span><\/span><span><\/span><\/h2>\n<p>Nuestro principal objetivo es el <strong>desarrollo de programas o actividades orientadas a potenciar la calidad, productividad y diferenciaci\u00f3n del vino<\/strong> de nuestra regi\u00f3n desarrollando alternativas de negocio innovadoras, econ\u00f3micamente viables, que tengan alto impacto en la competitividad, una gran flexibilidad organizativa con recursos tecnol\u00f3gicos superiores y unas capacidades fundamentales en actividades clave. Con un servicio de gesti\u00f3n integral de cada evento, desde la planificaci\u00f3n y difusi\u00f3n hasta la evaluaci\u00f3n del impacto que ha tenido el mismo. A trav\u00e9s de un formato c\u00f3modo, f\u00e1cil y eficaz para el asistente. Todo esto, unido siempre a la innovaci\u00f3n, desarrollamos relaciones de largo plazo con nuesros clientes gracias a nuestro grado de compromiso y la capacidad de generar resultados concretos.<\/p>\n<p>[\/et_pb_text][et_pb_image src=&#8221;https:\/\/wineconnection.es\/wp-content\/uploads\/2025\/02\/imagen_03.jpg&#8221; title_text=&#8221;imagen_03&#8243; align=&#8221;center&#8221; _builder_version=&#8221;4.27.4&#8243; _module_preset=&#8221;default&#8221; box_shadow_style=&#8221;preset1&#8243; global_colors_info=&#8221;{}&#8221;][\/et_pb_image][\/et_pb_column][\/et_pb_row][et_pb_row _builder_version=&#8221;4.27.4&#8243; _module_preset=&#8221;default&#8221; global_colors_info=&#8221;{}&#8221;][et_pb_column type=&#8221;4_4&#8243; _builder_version=&#8221;4.27.4&#8243; _module_preset=&#8221;default&#8221; global_colors_info=&#8221;{}&#8221;][et_pb_text _builder_version=&#8221;4.27.4&#8243; _module_preset=&#8221;default&#8221; header_2_text_color=&#8221;#BB328A&#8221; global_colors_info=&#8221;{}&#8221;]<\/p>\n<h2>\u00c1reas de Actividad<\/h2>\n<p>Encuentros profesionales, congresos, conferencias, almuerzos de trabajo, cursos o catas dirigidas son algunas de las actividades programadas con \u00e9xito por <strong>Events Connection<\/strong>. Prestigiosos profesionales de referencia mundial en el sector son los encargados de realizar las conferencias en los eventos programados.<\/p>\n<p>Dentro de su marca clave, <strong>WINE CONNECTION<\/strong>, se ha creado un foro permanente para la fomentaci\u00f3n de \u00e1reas de negocio, con la especialidad en <strong>NETWORKING<\/strong> y <strong>TURISMO ENOL\u00d3GICO<\/strong>.<\/p>\n<p><strong>NETWORKING: Low Cost<\/strong>, el negocio directo, es decir, la herramienta eficaz para que la peque\u00f1a y mediana empresa aumenten sus ganancias y reduzcan costes sin la necesidad de invertir grandes sumas en la realizaci\u00f3n de ferias tradicionales.<\/p>\n<p>&nbsp;<\/p>\n<p>[\/et_pb_text][et_pb_testimonial author=&#8221;C\u00e9sar Herrera&#8221; job_title=&#8221;Director&#8221; company_name=&#8221;Escuela de Negocios Internacionales de la UP&#8221; portrait_url=&#8221;https:\/\/wineconnection.es\/wp-content\/uploads\/2025\/02\/colaboradores.jpg&#8221; quote_icon_color=&#8221;#BB328A&#8221; _builder_version=&#8221;4.27.4&#8243; _module_preset=&#8221;default&#8221; background_color=&#8221;rgba(180,191,53,0.11)&#8221; border_width_all_portrait=&#8221;1px&#8221; border_color_all_portrait=&#8221;#B4BF35&#8243; box_shadow_style=&#8221;preset3&#8243; box_shadow_style_image=&#8221;preset1&#8243; global_colors_info=&#8221;{}&#8221;]<\/p>\n<p>Generar alianzas estrat\u00e9gicas es fundamental porque ante la escasez de recursos econ\u00f3micos hay que explotar la creatividad y las redes que permitan complementar y abarcar el mercado de una forma m\u00e1s profesional<\/p>\n<p>[\/et_pb_testimonial][\/et_pb_column][\/et_pb_row][et_pb_row column_structure=&#8221;3_5,2_5&#8243; _builder_version=&#8221;4.27.4&#8243; _module_preset=&#8221;default&#8221; global_colors_info=&#8221;{}&#8221;][et_pb_column type=&#8221;3_5&#8243; _builder_version=&#8221;4.27.4&#8243; _module_preset=&#8221;default&#8221; global_colors_info=&#8221;{}&#8221;][et_pb_text _builder_version=&#8221;4.27.4&#8243; _module_preset=&#8221;default&#8221; custom_padding=&#8221;22px|||||&#8221; global_colors_info=&#8221;{}&#8221;]<\/p>\n<p>Esta filosof\u00eda es la que ha acoma\u00f1ado a Events Connection desde sus inicios.<\/p>\n<p>Este proceso, que genera y ampl\u00eda contactos a trav\u00e9s de un soporte inform\u00e1tico, permite no s\u00f3lo establecer una red de trabajo con entrevistas directas, sino recibir ayuda, informaci\u00f3n, conferencias y una serie de beneficios complementarios de otras empresas.<\/p>\n<p><strong>TURISMO ENOL\u00d3GICO<\/strong>: Somos expertos en la organizaci\u00f3n de viajes enotur\u00edsticos y gastron\u00f3micos, as\u00ed como en la planificaci\u00f3n de eventos y reuniones de empresa.<\/p>\n<p>Castilla &#8211; La Mancha representa una de las mejores zonas donde practicar el llamado turismo del vino. Su amplio abanico de actividades atrae cada vez a m\u00e1s turistas de todas partes para visitar sus bodegas y degustar sus vinos.<\/p>\n<p>Las actividades que registran m\u00e1s demanda van desde las catas de vino, visitas guiadas a bodegas, reuniones de empresa, todo ello en parajes \u00fanicos que permiten al visitante disfrutar de la paz y el relax del entorno.<\/p>\n<p>Por otra parte, es amplia nuestra experiencia en charlas t\u00e9cnicas, realizaci\u00f3n de congresos, organizaci\u00f3n de premios a empresas, etc. desarrollando una respuesta estrat\u00e9gica que ofrezca las mayores posibilidades de obtener una ventaja competitiva.<\/p>\n<p>Un recorrido por el mundo del vino siempre es motivo de aprendizaje y sorpresa. Conocer sus instalaciones, la elaboraci\u00f3n y crianza de vinos de alta expresi\u00f3n, los imponentes tintos de madera y la serenidad de las salas de crianza, nos har\u00e1n participar de una inigualable experiencia.<\/p>\n<p>[\/et_pb_text][\/et_pb_column][et_pb_column type=&#8221;2_5&#8243; _builder_version=&#8221;4.27.4&#8243; _module_preset=&#8221;default&#8221; global_colors_info=&#8221;{}&#8221;][et_pb_image src=&#8221;https:\/\/wineconnection.es\/wp-content\/uploads\/2025\/02\/imagen_04.jpg&#8221; title_text=&#8221;imagen_04&#8243; force_fullwidth=&#8221;on&#8221; _builder_version=&#8221;4.27.4&#8243; _module_preset=&#8221;default&#8221; box_shadow_style=&#8221;preset1&#8243; global_colors_info=&#8221;{}&#8221;][\/et_pb_image][et_pb_image src=&#8221;https:\/\/wineconnection.es\/wp-content\/uploads\/2025\/02\/imagen_05.jpg&#8221; title_text=&#8221;imagen_05&#8243; force_fullwidth=&#8221;on&#8221; _builder_version=&#8221;4.27.4&#8243; _module_preset=&#8221;default&#8221; box_shadow_style=&#8221;preset1&#8243; global_colors_info=&#8221;{}&#8221;][\/et_pb_image][\/et_pb_column][\/et_pb_row][\/et_pb_section][et_pb_section fb_built=&#8221;1&#8243; _builder_version=&#8221;4.27.4&#8243; background_color=&#8221;rgba(187,50,138,0.1)&#8221; custom_padding=&#8221;16px||0px|||&#8221; box_shadow_style=&#8221;preset1&#8243; global_colors_info=&#8221;{}&#8221; global_module=&#8221;1586&#8243; theme_builder_area=&#8221;post_content&#8221;][et_pb_row _builder_version=&#8221;4.27.4&#8243; _module_preset=&#8221;default&#8221; global_colors_info=&#8221;{}&#8221; theme_builder_area=&#8221;post_content&#8221;][et_pb_column type=&#8221;4_4&#8243; _builder_version=&#8221;4.27.4&#8243; _module_preset=&#8221;default&#8221; global_colors_info=&#8221;{}&#8221; theme_builder_area=&#8221;post_content&#8221;][et_pb_text _builder_version=&#8221;4.27.4&#8243; _module_preset=&#8221;default&#8221; header_text_align=&#8221;center&#8221; header_text_color=&#8221;#B4BF35&#8243; header_font_size=&#8221;34px&#8221; header_3_font=&#8221;Grape Nuts||||||||&#8221; header_3_text_align=&#8221;center&#8221; header_3_text_color=&#8221;#BB328A&#8221; header_3_letter_spacing=&#8221;0.6px&#8221; header_3_line_height=&#8221;1.1em&#8221; global_colors_info=&#8221;{}&#8221; theme_builder_area=&#8221;post_content&#8221;]<\/p>\n<h1>Contacta con nosotros<\/h1>\n<h3>Si quieres realizarnos cualquier tipo de consulta o tienes sugerencias, \u00a1estaremos encantados de ayudarte!<\/h3>\n<p>[\/et_pb_text][\/et_pb_column][\/et_pb_row][et_pb_row column_structure=&#8221;2_5,3_5&#8243; use_custom_gutter=&#8221;on&#8221; gutter_width=&#8221;4&#8243; make_equal=&#8221;on&#8221; _builder_version=&#8221;4.27.4&#8243; background_size=&#8221;initial&#8221; background_position=&#8221;top_left&#8221; background_repeat=&#8221;repeat&#8221; width=&#8221;75%&#8221; max_width=&#8221;100%&#8221; module_alignment=&#8221;center&#8221; custom_margin=&#8221;-15px|auto||auto||&#8221; custom_padding=&#8221;||1px|||&#8221; locked=&#8221;off&#8221; global_colors_info=&#8221;{}&#8221; theme_builder_area=&#8221;post_content&#8221;][et_pb_column type=&#8221;2_5&#8243; _builder_version=&#8221;4.27.4&#8243; _module_preset=&#8221;default&#8221; global_colors_info=&#8221;{}&#8221; theme_builder_area=&#8221;post_content&#8221;][et_pb_image src=&#8221;https:\/\/wineconnection.es\/wp-content\/uploads\/2025\/02\/WineLogos.png&#8221; title_text=&#8221;WineLogos&#8221; force_fullwidth=&#8221;on&#8221; _builder_version=&#8221;4.27.4&#8243; _module_preset=&#8221;default&#8221; custom_padding=&#8221;0px|||||&#8221; global_colors_info=&#8221;{}&#8221; theme_builder_area=&#8221;post_content&#8221;][\/et_pb_image][\/et_pb_column][et_pb_column type=&#8221;3_5&#8243; _builder_version=&#8221;4.27.4&#8243; _module_preset=&#8221;default&#8221; global_colors_info=&#8221;{}&#8221; theme_builder_area=&#8221;post_content&#8221;][et_pb_contact_form use_spam_service=&#8221;on&#8221; recaptcha_list=&#8221;Default|Default-0&#8243; email=&#8221;sergio.susin@gmail.com&#8221; success_message=&#8221;Gracias por contactar con nosotros. Le responderemos en el menor tiempo posible.&#8221; submit_button_text=&#8221;Enviar&#8221; _builder_version=&#8221;4.27.4&#8243; _module_preset=&#8221;default&#8221; _unique_id=&#8221;8b5ed778-ace6-427e-9e28-dbd27c07ce66&#8243; form_field_background_color=&#8221;rgba(180,191,53,0.1)&#8221; form_field_text_color=&#8221;#393A3C&#8221; form_field_focus_background_color=&#8221;rgba(180,191,53,0.3)&#8221; form_field_focus_text_color=&#8221;#393A3C&#8221; border_radii=&#8221;on|12px|12px|12px|12px&#8221; border_width_all=&#8221;1px&#8221; border_color_all=&#8221;#B4BF35&#8243; box_shadow_style=&#8221;preset3&#8243; box_shadow_spread=&#8221;-15px&#8221; locked=&#8221;off&#8221; global_colors_info=&#8221;{}&#8221; theme_builder_area=&#8221;post_content&#8221;][et_pb_contact_field field_id=&#8221;Name&#8221; field_title=&#8221;Nombre&#8221; _builder_version=&#8221;4.16&#8243; global_colors_info=&#8221;{}&#8221; button_text_size__hover_enabled=&#8221;off&#8221; button_one_text_size__hover_enabled=&#8221;off&#8221; button_two_text_size__hover_enabled=&#8221;off&#8221; button_text_color__hover_enabled=&#8221;off&#8221; button_one_text_color__hover_enabled=&#8221;off&#8221; button_two_text_color__hover_enabled=&#8221;off&#8221; button_border_width__hover_enabled=&#8221;off&#8221; button_one_border_width__hover_enabled=&#8221;off&#8221; button_two_border_width__hover_enabled=&#8221;off&#8221; button_border_color__hover_enabled=&#8221;off&#8221; button_one_border_color__hover_enabled=&#8221;off&#8221; button_two_border_color__hover_enabled=&#8221;off&#8221; button_border_radius__hover_enabled=&#8221;off&#8221; button_one_border_radius__hover_enabled=&#8221;off&#8221; button_two_border_radius__hover_enabled=&#8221;off&#8221; button_letter_spacing__hover_enabled=&#8221;off&#8221; button_one_letter_spacing__hover_enabled=&#8221;off&#8221; button_two_letter_spacing__hover_enabled=&#8221;off&#8221; button_bg_color__hover_enabled=&#8221;off&#8221; button_one_bg_color__hover_enabled=&#8221;off&#8221; button_two_bg_color__hover_enabled=&#8221;off&#8221; theme_builder_area=&#8221;post_content&#8221;][\/et_pb_contact_field][et_pb_contact_field field_id=&#8221;Email&#8221; field_title=&#8221;Direcci\u00f3n de correo electr\u00f3nico&#8221; field_type=&#8221;email&#8221; _builder_version=&#8221;4.16&#8243; global_colors_info=&#8221;{}&#8221; button_text_size__hover_enabled=&#8221;off&#8221; button_one_text_size__hover_enabled=&#8221;off&#8221; button_two_text_size__hover_enabled=&#8221;off&#8221; button_text_color__hover_enabled=&#8221;off&#8221; button_one_text_color__hover_enabled=&#8221;off&#8221; button_two_text_color__hover_enabled=&#8221;off&#8221; button_border_width__hover_enabled=&#8221;off&#8221; button_one_border_width__hover_enabled=&#8221;off&#8221; button_two_border_width__hover_enabled=&#8221;off&#8221; button_border_color__hover_enabled=&#8221;off&#8221; button_one_border_color__hover_enabled=&#8221;off&#8221; button_two_border_color__hover_enabled=&#8221;off&#8221; button_border_radius__hover_enabled=&#8221;off&#8221; button_one_border_radius__hover_enabled=&#8221;off&#8221; button_two_border_radius__hover_enabled=&#8221;off&#8221; button_letter_spacing__hover_enabled=&#8221;off&#8221; button_one_letter_spacing__hover_enabled=&#8221;off&#8221; button_two_letter_spacing__hover_enabled=&#8221;off&#8221; button_bg_color__hover_enabled=&#8221;off&#8221; button_one_bg_color__hover_enabled=&#8221;off&#8221; button_two_bg_color__hover_enabled=&#8221;off&#8221; theme_builder_area=&#8221;post_content&#8221;][\/et_pb_contact_field][et_pb_contact_field field_id=&#8221;Asunto&#8221; field_title=&#8221;Asunto&#8221; fullwidth_field=&#8221;on&#8221; _builder_version=&#8221;4.27.4&#8243; _module_preset=&#8221;default&#8221; global_colors_info=&#8221;{}&#8221; theme_builder_area=&#8221;post_content&#8221;][\/et_pb_contact_field][et_pb_contact_field field_id=&#8221;Message&#8221; field_title=&#8221;Mensaje&#8221; field_type=&#8221;text&#8221; fullwidth_field=&#8221;on&#8221; _builder_version=&#8221;4.16&#8243; global_colors_info=&#8221;{}&#8221; button_text_size__hover_enabled=&#8221;off&#8221; button_one_text_size__hover_enabled=&#8221;off&#8221; button_two_text_size__hover_enabled=&#8221;off&#8221; button_text_color__hover_enabled=&#8221;off&#8221; button_one_text_color__hover_enabled=&#8221;off&#8221; button_two_text_color__hover_enabled=&#8221;off&#8221; button_border_width__hover_enabled=&#8221;off&#8221; button_one_border_width__hover_enabled=&#8221;off&#8221; button_two_border_width__hover_enabled=&#8221;off&#8221; button_border_color__hover_enabled=&#8221;off&#8221; button_one_border_color__hover_enabled=&#8221;off&#8221; button_two_border_color__hover_enabled=&#8221;off&#8221; button_border_radius__hover_enabled=&#8221;off&#8221; button_one_border_radius__hover_enabled=&#8221;off&#8221; button_two_border_radius__hover_enabled=&#8221;off&#8221; button_letter_spacing__hover_enabled=&#8221;off&#8221; button_one_letter_spacing__hover_enabled=&#8221;off&#8221; button_two_letter_spacing__hover_enabled=&#8221;off&#8221; button_bg_color__hover_enabled=&#8221;off&#8221; button_one_bg_color__hover_enabled=&#8221;off&#8221; button_two_bg_color__hover_enabled=&#8221;off&#8221; theme_builder_area=&#8221;post_content&#8221;][\/et_pb_contact_field][et_pb_contact_field field_id=&#8221;Privacidad&#8221; field_title=&#8221;Aceptaci\u00f3n de la pol\u00edtica de privacidad&#8221; field_type=&#8221;checkbox&#8221; checkbox_options=&#8221;%91{%22value%22:%22He le\u00eddo y acepto la <a href=%92%22https:\/\/wineconnection.es\/aviso-legal\/%92%22>pol\u00edtica de privacidad<\/a>%22,%22checked%22:0,%22dragID%22:-1}%93&#8243; _builder_version=&#8221;4.27.4&#8243; _module_preset=&#8221;default&#8221; global_colors_info=&#8221;{}&#8221; theme_builder_area=&#8221;post_content&#8221;][\/et_pb_contact_field][\/et_pb_contact_form][\/et_pb_column][\/et_pb_row][\/et_pb_section]<\/p>\n","protected":false},"excerpt":{"rendered":"<p>Events Connection es una compa\u00f1\u00eda dedicada a la organizaci\u00f3n y gesti\u00f3n de eventos de car\u00e1cter empresarial, cultural y social, especializados en el \u00e1mbito del sector vitivin\u00edcola. Somos una empresa muy vers\u00e1til, capaz de realizar pr\u00e1cticamente cualquier actividad relacionada con la organizaci\u00f3n de eventos. Con varios a\u00f1os de actividad en el sector estrat\u00e9gico de la regi\u00f3n, [&hellip;]<\/p>\n","protected":false},"author":1,"featured_media":0,"parent":0,"menu_order":0,"comment_status":"closed","ping_status":"closed","template":"","meta":{"_acf_changed":false,"_et_pb_use_builder":"on","_et_pb_old_content":"","_et_gb_content_width":"","footnotes":""},"class_list":["post-25","page","type-page","status-publish","hentry"],"acf":[],"_links":{"self":[{"href":"https:\/\/wineconnection.es\/en\/wp-json\/wp\/v2\/pages\/25","targetHints":{"allow":["GET"]}}],"collection":[{"href":"https:\/\/wineconnection.es\/en\/wp-json\/wp\/v2\/pages"}],"about":[{"href":"https:\/\/wineconnection.es\/en\/wp-json\/wp\/v2\/types\/page"}],"author":[{"embeddable":true,"href":"https:\/\/wineconnection.es\/en\/wp-json\/wp\/v2\/users\/1"}],"replies":[{"embeddable":true,"href":"https:\/\/wineconnection.es\/en\/wp-json\/wp\/v2\/comments?post=25"}],"version-history":[{"count":6,"href":"https:\/\/wineconnection.es\/en\/wp-json\/wp\/v2\/pages\/25\/revisions"}],"predecessor-version":[{"id":1630,"href":"https:\/\/wineconnection.es\/en\/wp-json\/wp\/v2\/pages\/25\/revisions\/1630"}],"wp:attachment":[{"href":"https:\/\/wineconnection.es\/en\/wp-json\/wp\/v2\/media?parent=25"}],"curies":[{"name":"wp","href":"https:\/\/api.w.org\/{rel}","templated":true}]}}