{"id":3,"date":"2025-02-10T10:58:23","date_gmt":"2025-02-10T09:58:23","guid":{"rendered":"http:\/\/wineconnection.es\/?page_id=3"},"modified":"2025-02-10T17:28:58","modified_gmt":"2025-02-10T16:28:58","slug":"aviso-legal","status":"publish","type":"page","link":"https:\/\/wineconnection.es\/en\/aviso-legal\/","title":{"rendered":"Aviso Legal"},"content":{"rendered":"<p>[et_pb_section fb_built=&#8221;1&#8243; fullwidth=&#8221;on&#8221; admin_label=&#8221;T\u00edtulo&#8221; _builder_version=&#8221;4.27.4&#8243; _module_preset=&#8221;default&#8221; global_colors_info=&#8221;{}&#8221;][et_pb_fullwidth_post_title meta=&#8221;off&#8221; featured_image=&#8221;off&#8221; _builder_version=&#8221;4.27.4&#8243; _module_preset=&#8221;default&#8221; hover_enabled=&#8221;0&#8243; global_colors_info=&#8221;{}&#8221; sticky_enabled=&#8221;0&#8243;][\/et_pb_fullwidth_post_title][\/et_pb_section][et_pb_section fb_built=&#8221;1&#8243; admin_label=&#8221;Contenido&#8221; _builder_version=&#8221;4.27.4&#8243; _module_preset=&#8221;default&#8221; global_colors_info=&#8221;{}&#8221;][et_pb_row _builder_version=&#8221;4.27.4&#8243; _module_preset=&#8221;default&#8221; global_colors_info=&#8221;{}&#8221;][et_pb_column type=&#8221;4_4&#8243; _builder_version=&#8221;4.27.4&#8243; _module_preset=&#8221;default&#8221; global_colors_info=&#8221;{}&#8221;][et_pb_text admin_label=&#8221;Derechos&#8221; _builder_version=&#8221;4.27.4&#8243; _module_preset=&#8221;default&#8221; global_colors_info=&#8221;{}&#8221;]<\/p>\n<h3>Derechos de propiedad intelectual, industrial y otros derechos<\/h3>\n<p>El Usuario reconoce la titularidad de <strong>Events Connection, S.L.<\/strong> de todos los derechos de propiedad intelectual, industrial u otros derechos an\u00e1logos sobre el Sitio Web <strong>www.wineconnection.es<\/strong>.<\/p>\n<p>A t\u00edtulo meramente enunciativo, se entender\u00e1n incluidas las informaciones, mensajes, gr\u00e1ficos, dibujos, archivos de sonido o de imagen, fotograf\u00edas, grabaciones, programas de ordenador, bases de datos, tecnolog\u00eda, equipos inform\u00e1ticos, know-how, marcas, signos distintivos, logos y, en general, cualquier clase de creaci\u00f3n o material accesible a trav\u00e9s de la web que sea de su propiedad, as\u00ed como el propio Sitio Web.<\/p>\n<p>El usuario tambi\u00e9n reconoce y acepta que en el Sitio Web se encuentran accesibles contenidos y servicios propiedad de terceras personas, cuyos derechos se encuentran protegidos por la legislaci\u00f3n en materia de propiedad intelectual, industrial, derechos de explotaci\u00f3n del valor comercial y publicitario de la imagen y otros derechos an\u00e1logos.<\/p>\n<p>[\/et_pb_text][et_pb_text admin_label=&#8221;LSSI&#8221; _builder_version=&#8221;4.27.4&#8243; _module_preset=&#8221;default&#8221; global_colors_info=&#8221;{}&#8221;]<\/p>\n<h3>LSSI<\/h3>\n<p>Dando cumplimiento al art\u00edculo 10 de la ley 34\/2002 de Servicios de la Sociedad de la Informaci\u00f3n y Comercio Electr\u00f3nico les facilitamos los siguientes datos que permiten la identificaci\u00f3n del titular de este sitio web:<\/p>\n<blockquote>\n<p><strong>Events Connection, S.L.<\/strong><br \/>Camino de los Almegares, s\/n<br \/>13005, Ciudad Real (Spain)<br \/>Tel\u00e9fono: <a href=\"tel:(+34) 926 04 93 03\">(+34) 926 04 93 03<\/a><br \/>e-mail: <a href=\"mailto:info@wineconnection.es\">info@wineconnection.es<\/a><br \/>CIF: B1353717<\/p>\n<\/blockquote>\n<p>[\/et_pb_text][et_pb_text admin_label=&#8221;Protecci\u00f3n de datos personales&#8221; _builder_version=&#8221;4.27.4&#8243; _module_preset=&#8221;default&#8221; global_colors_info=&#8221;{}&#8221;]<\/p>\n<h3>Protecci\u00f3n de datos personales<\/h3>\n<p><strong>Events Connection, S.L.<\/strong> (en adelante EC) solicita su autorizaci\u00f3n para realizar el tratamiento de sus datos conforme a lo dispuesto en la cl\u00e1usula posterior, No obstante, si Vd. no desea que este tratamiento se produzca, puede comunic\u00e1rnoslo dirigi\u00e9ndose a nosotros a trav\u00e9s de los medios indicados m\u00e1s adelante, signific\u00e1ndole que, conforme a la legislaci\u00f3n vigente, si no recibimos noticias suyas en el plazo de un mes, entenderemos otorgado su consentimiento que, en todo caso, podr\u00eda revocar en cualquier momento.<\/p>\n<p>[\/et_pb_text][et_pb_text admin_label=&#8221;Cl\u00e1usulas protecci\u00f3n de datos&#8221; _builder_version=&#8221;4.27.4&#8243; _module_preset=&#8221;default&#8221; global_colors_info=&#8221;{}&#8221;]<\/p>\n<h3>Cl\u00e1usula de protecci\u00f3n de datos<\/h3>\n<p>De acuerdo con lo establecido en la Ley Org\u00e1nica 15\/1999, del 13 de diciembre, de Protecci\u00f3n de Datos de car\u00e1cter Personal, el Cliente\/Usuario queda informado de la incorporaci\u00f3n de sus datos a los ficheros automatizados existentes en EC.<\/p>\n<p>As\u00ed mismo, queda informado del tratamiento automatizado a que van a ser sometidos todos sus datos a los que la Compa\u00f1\u00eda tenga acceso como consecuencia de su navegaci\u00f3n por las p\u00e1ginas web titularidad de EC, de la consulta, solicitud o contrataci\u00f3n de cualquier servicio o producto, o de cualquier transacci\u00f3n u operaci\u00f3n realizada, para las finalidades de comercializaci\u00f3n de nuestros servicios, del mantenimiento de su relaci\u00f3n contractual y de gesti\u00f3n de EC y al objeto de adecuar nuestras ofertas comerciales a su perfil particular, siendo sus destinatarios los servicios comerciales y t\u00e9cnicos de la Compa\u00f1\u00eda. El Cliente\/Usuario tiene derecho a oponerse al tratamiento de cualquiera de sus datos que no sean imprescindibles para la celebraci\u00f3n del contrato y a su utilizaci\u00f3n para cualquier finalidad distinta del mantenimiento de su relaci\u00f3n contractual, siendo facultativas las respuestas que pudiere dar a las cuestiones que se le planteen al margen del contrato.<\/p>\n<p>El Cliente\/Usuario acepta que puedan ser cedidos sus datos, exclusivamente para las finalidades a las que se refiere el p\u00e1rrafo anterior, a sociedades participadas por EC, o a otras con las que EC concluya acuerdos de colaboraci\u00f3n.<\/p>\n<p>Asimismo, el Cliente\/Usuario acepta que EC o sus sociedades filiales y participadas, le remitan informaci\u00f3n sobre cualesquiera bienes o servicios que comercialicen. La aceptaci\u00f3n del Cliente\/Usuario para que puedan ser tratados o cedidos sus datos en la forma establecida en este p\u00e1rrafo, tiene siempre car\u00e1cter revocable, sin efectos retroactivos, conforme a lo que disponen los art\u00edculos 6 y 11 de la Ley Org\u00e1nica 15\/99.<\/p>\n<p>Los movimientos realizados a trav\u00e9s de todo tipo de medios interactivos por el Cliente\/Usuario en las p\u00e1ginas web titularidad de EC quedar\u00e1n registrados en un archivo inform\u00e1tico y tratados con las misma finalidades descritas en los anteriores p\u00e1rrafos. Dicho archivo de movimientos permite a EC localizar las incidencias y problemas que puedan surgir, solventarlos en el menor plazo posible y seguir ofreciendo al Cliente\/Usuario los servicios que solicita y otros que puedan ser de su inter\u00e9s, sin necesidad de que, una vez se haya registrado por primera vez, tenga que registrarse en cada visita para acceder a las \u00e1reas y servicios a \u00e9l reservados, pero sin que, en ning\u00fan caso, dichos archivos proporcionen el nombre y apellidos del Cliente\/Usuario, ni permitan leer datos de su disco duro, ni los eventuales archivos inform\u00e1ticos creados por otros proveedores.<\/p>\n<p>El Cliente\/Usuario queda, igualmente, informado sobre la posibilidad de ejercer los derechos de acceso, rectificaci\u00f3n, cancelaci\u00f3n y oposici\u00f3n, en los t\u00e9rminos establecidos en la legislaci\u00f3n vigente, pudiendo utilizar para ello cualquiera de los canales de comunicaci\u00f3n de EC, bien sea dirigi\u00e9ndose a alguna de nuestras oficinas, o a trav\u00e9s del correo electr\u00f3nico o, en general, por el medio de comunicaci\u00f3n que habitualmente utilice.<\/p>\n<p>La titularidad de los ficheros de datos personales corresponde a:<\/p>\n<blockquote>\n<p><strong>Events Connection, S.L.<\/strong><br \/>Camino de los Almegares, s\/n<br \/>13005, Ciudad Real (Spain)<br \/>Tel\u00e9fono: <a href=\"tel:(+34) 926 04 93 03\">(+34) 926 04 93 03<\/a><br \/>e-mail: <a href=\"mailto:info@wineconnection.es\">info@wineconnection.es<\/a><br \/>CIF: B1353717<\/p>\n<\/blockquote>\n<p>[\/et_pb_text][\/et_pb_column][\/et_pb_row][\/et_pb_section]<\/p>\n","protected":false},"excerpt":{"rendered":"<p>Derechos de propiedad intelectual, industrial y otros derechos El Usuario reconoce la titularidad de Events Connection, S.L. de todos los derechos de propiedad intelectual, industrial u otros derechos an\u00e1logos sobre el Sitio Web www.wineconnection.es. A t\u00edtulo meramente enunciativo, se entender\u00e1n incluidas las informaciones, mensajes, gr\u00e1ficos, dibujos, archivos de sonido o de imagen, fotograf\u00edas, grabaciones, programas [&hellip;]<\/p>\n","protected":false},"author":1,"featured_media":0,"parent":0,"menu_order":0,"comment_status":"closed","ping_status":"closed","template":"","meta":{"_acf_changed":false,"_et_pb_use_builder":"on","_et_pb_old_content":"","_et_gb_content_width":"","footnotes":""},"class_list":["post-3","page","type-page","status-publish","hentry"],"acf":[],"_links":{"self":[{"href":"https:\/\/wineconnection.es\/en\/wp-json\/wp\/v2\/pages\/3","targetHints":{"allow":["GET"]}}],"collection":[{"href":"https:\/\/wineconnection.es\/en\/wp-json\/wp\/v2\/pages"}],"about":[{"href":"https:\/\/wineconnection.es\/en\/wp-json\/wp\/v2\/types\/page"}],"author":[{"embeddable":true,"href":"https:\/\/wineconnection.es\/en\/wp-json\/wp\/v2\/users\/1"}],"replies":[{"embeddable":true,"href":"https:\/\/wineconnection.es\/en\/wp-json\/wp\/v2\/comments?post=3"}],"version-history":[{"count":6,"href":"https:\/\/wineconnection.es\/en\/wp-json\/wp\/v2\/pages\/3\/revisions"}],"predecessor-version":[{"id":148,"href":"https:\/\/wineconnection.es\/en\/wp-json\/wp\/v2\/pages\/3\/revisions\/148"}],"wp:attachment":[{"href":"https:\/\/wineconnection.es\/en\/wp-json\/wp\/v2\/media?parent=3"}],"curies":[{"name":"wp","href":"https:\/\/api.w.org\/{rel}","templated":true}]}}